{"id":365,"date":"2024-06-12T13:48:45","date_gmt":"2024-06-12T11:48:45","guid":{"rendered":"https:\/\/looslibienenwelt.ch\/?page_id=365"},"modified":"2025-02-08T14:32:48","modified_gmt":"2025-02-08T13:32:48","slug":"agb","status":"publish","type":"page","link":"https:\/\/looslibienenwelt.ch\/index.php\/agb\/","title":{"rendered":"AGB"},"content":{"rendered":"\n<h2 class=\"wp-block-heading\"><strong><u>Allgemeine Gesch\u00e4ftsbedingungen<\/u><\/strong><\/h2>\n\n\n\n<p><strong>Geltungsbereich<\/strong><\/p>\n\n\n\n<ol class=\"wp-block-list\">\n<li><\/li>\n<\/ol>\n\n\n\n<p>Die Allgemeinen Gesch\u00e4ftsbedingungen (nachfolgend \u00abAGB\u00bb) gelten f\u00fcr alle \u00fcber den Onlineshop und Homepage von Loosli Bienenwelt Am Wald 87 4944 Auswil, Schweiz get\u00e4tigten Bestellungen und abgeschlossenen Vertr\u00e4ge. Wir behalten uns das Recht vor, die AGB zu \u00e4ndern. Massgebend ist jeweils die zum Zeitpunkt der Bestellung geltende Version der AGB, welche f\u00fcr diese Bestellung nicht einseitig ge\u00e4ndert werden kann.<\/p>\n\n\n\n<p><strong>Angebot<\/strong><\/p>\n\n\n\n<p>Das Angebot richtet sich an nat\u00fcrliche Personen mit Wohnsitz resp. juristische Personen mit Sitz in der Schweiz. (nachfolgend \u00abKundschaft\u00bb oder \u00abdu\u00bb). Lieferungen erfolgen nur an Adressen in der Schweiz. Das Angebot gilt, solange es im Online-Shop ersichtlich ist und der Vorrat reicht. Preis- und Sortiments\u00e4nderungen sind jederzeit m\u00f6glich. Die in Werbung, Prospekten, im Online-Shop und auf der Homepage usw. gezeigten Abbildungen dienen der Illustration und sind unverbindlich.<\/p>\n\n\n\n<p><strong>Preis<\/strong><\/p>\n\n\n\n<p>Die Preise verstehen sich in Schweizer Franken. Massgebend ist der Preis im Online-Shop zum Zeitpunkt der Bestellung.<\/p>\n\n\n\n<p><strong>Zahlungsvarianten<\/strong><\/p>\n\n\n\n<p>Bei Abholung vor Ort, kann die Zahlung in Bar erfolgen.<\/p>\n\n\n\n<p>Im Online- Shop werden die akzeptierten Zahlungsmittel angezeigt.<br><\/p>\n\n\n\n<p><strong>Bestellung<\/strong><\/p>\n\n\n\n<p>Die Darstellung der Produkte im Online-Shop und auf der Homepage sind kein rechtlich verbindlicher Antrag, sondern eine unverbindliche Aufforderung an die Kundschaft, das Produkt im Online-Shop oder auf der Homepage zu bestellen. Nach \u00dcbermittlung der Zahlung der Bestellung wird eine Zahlungsbest\u00e4tigung per Mail mit Information zur Auslieferung versesendet. Du kannst die Bestellung nicht mehr bearbeiten, wenn die Bestellung abgeschlossen wurde. Loosli Bienenwelt ist ohne Nennung von Gr\u00fcnden frei, Bestellungen ganz oder teilweise abzulehnen. In diesem Fall wirst du informiert und bereits geleistete Zahlungen werden zur\u00fcckerstattet. Weitere Anspr\u00fcche sind ausgeschlossen, insbesondere erfolgt keine Nachsendung der nicht lieferbaren Produkte. Vor\u00fcbergehend nicht lieferbare Produkte k\u00f6nnen nicht vorgemerkt werden.<\/p>\n\n\n\n<p><strong>Vertragsschluss<\/strong><\/p>\n\n\n\n<p>Der Vertrag kommt erst durch die Bearbeitung von Loosli Bienenwelt zustande. Sobald die Bestellung bezahlt wurde, erh\u00e4ltst du eine Nachricht mit der Best\u00e4tigung und das Paket wird versandt.<\/p>\n\n\n\n<p><strong>Lieferzeiten<\/strong><\/p>\n\n\n\n<p>Liefergebiet:<br>Deine Lieferadresse muss in der Schweiz liegen.<br><br>Lieferzeiten:<br>Die Produkte werden grunds\u00e4tzlich nach Bestellungserhalt versendet. Eine bestimmte Lieferzeitspanne wird nicht garantiert. Schadenersatz- und andere Anspr\u00fcche sind ausgeschlossen. &nbsp;<\/p>\n\n\n\n<p>Abholungen vor Ort bei Loosli Bienenwelt in Auswil k\u00f6nnen mit pers\u00f6nlicher Vereinbarung organisiert werden.<br><br>Lieferkosten:<br>Die Lieferkosten sind abh\u00e4ngig vom Wert der bestellten Produkte (Gewicht, Menge etc.). Es gelten die im Online-Shop kommunizierten Lieferkosten. Die Lieferkosten sind im Produktepreis bereits passend zu Gr\u00f6sse, Gewicht eingerechnet.<\/p>\n\n\n\n<p><strong>Gew\u00e4hrleistungen<\/strong><\/p>\n\n\n\n<p>Die M\u00e4ngelfreiheit von Lebensmitteln gew\u00e4hrleistet Loosli Bienenwelt bis zum Ablauf des Haltbarkeitsdatums unter den folgenden Bedingungen, die durch dich nachzuweisen sind:<br><br>\u2022 trocken und vor Licht gesch\u00fctzt lagern<br><br>Loosli Bienenwelt kann die Gew\u00e4hrleistung wahlweise durch teilweisen oder vollst\u00e4ndigen Ersatz durch ein gleichwertiges Produkt, Gutschrift bis maximal des Verkaufspreises im Zeitpunkt der Bestellung, oder Minderung erbringen. Bei einer Gutschrift wird der von dir f\u00fcr die mangelhafte Ware bezahlte Betrag dem Kundenkonto gutgeschrieben. Loosli Bienenwelt beh\u00e4lt sich das Recht vor, einen Nachweis des Mangels zu verlangen, z.B. durch ein Foto.<br>Ein generelles R\u00fcckgaberecht von m\u00e4ngelfreien und korrekt gelieferten Produkten besteht nicht. Vorbehalten bleiben jeweils zwingende gesetzliche Bestimmungen.<\/p>\n\n\n\n<p><strong>M\u00e4ngelr\u00fcge<\/strong><\/p>\n\n\n\n<p>Werden Produkte mit offensichtlichen Sch\u00e4den an der Verpackung oder am Inhalt angeliefert, so solltest du diese, unbeschadet deiner Garantierechte, sofort beim Dienstleister (z. B. Spediteur, Post) reklamieren und die Annahme verweigern. Lasse dir eine Schadenbest\u00e4tigungsmeldung des Dienstleisters (z. B. Spediteur, Post) aush\u00e4ndigen. Alle Transportsch\u00e4den musst du zus\u00e4tzlich unverz\u00fcglich Loosli Bienenwelt melden.<br><br>Weiter obliegt es dir, die bestellten Produkte sofort bei Erhalt zu pr\u00fcfen und korrekt zu lagern. F\u00fcr allf\u00e4llige M\u00e4ngel oder Abweichungen von der Bestellung musst du Loosli Bienenwelt am Tag der Lieferung per E-Mail an info@looslibienenwelt benachrichtigen. Danach k\u00f6nnen nur noch versteckte M\u00e4ngel geltend gemacht werden, welche sofort nach Entdeckung gemeldet werden m\u00fcssen.<\/p>\n\n\n\n<p><strong>Datenschutz<\/strong><\/p>\n\n\n\n<ol class=\"wp-block-list\">\n<li><\/li>\n<\/ol>\n\n\n\n<p>Loosli Bienenwelt informiert erg\u00e4nzend in ihrer Datenschutzerkl\u00e4rung&nbsp;dar\u00fcber, wie sie Personendaten bearbeitet.<\/p>\n\n\n\n<p><strong>Haftungsschluss<\/strong><\/p>\n\n\n\n<ol class=\"wp-block-list\">\n<li><\/li>\n<\/ol>\n\n\n\n<p>Loosli Bienenwelt schliesst ihre Haftung im gesetzlich erlaubten Umfang aus.<\/p>\n\n\n\n<p>Kosmetische Produkte k\u00f6nnen bei Personen&nbsp;allergische Reaktionen&nbsp;ausl\u00f6sen. Hierf\u00fcr \u00fcbernehmen wir&nbsp;keine Haftung.&nbsp;<\/p>\n\n\n\n<p><strong>Anwendbares Gericht und Gerichtsstand<\/strong><\/p>\n\n\n\n<ol class=\"wp-block-list\">\n<li><\/li>\n<\/ol>\n\n\n\n<p>Auf die Rechtsbeziehung zwischen Loosli Bienenwelt und der Kundschaft ist materielles Schweizer Recht anwendbar.<\/p>\n\n\n\n<p><\/p>\n","protected":false},"excerpt":{"rendered":"<p>Allgemeine Gesch\u00e4ftsbedingungen Geltungsbereich Die Allgemeinen Gesch\u00e4ftsbedingungen (nachfolgend \u00abAGB\u00bb) gelten f\u00fcr alle \u00fcber den Onlineshop und Homepage von Loosli Bienenwelt Am Wald 87 4944 Auswil, Schweiz get\u00e4tigten Bestellungen und abgeschlossenen Vertr\u00e4ge. Wir behalten uns das Recht vor, die AGB zu \u00e4ndern. Massgebend ist jeweils die zum Zeitpunkt der Bestellung geltende Version der AGB, welche f\u00fcr diese&hellip; <a class=\"more-link\" href=\"https:\/\/looslibienenwelt.ch\/index.php\/agb\/\">Continue reading <span class=\"screen-reader-text\">AGB<\/span><\/a><\/p>\n","protected":false},"author":1,"featured_media":0,"parent":0,"menu_order":0,"comment_status":"closed","ping_status":"closed","template":"","meta":{"footnotes":""},"class_list":["post-365","page","type-page","status-publish","hentry","entry"],"_links":{"self":[{"href":"https:\/\/looslibienenwelt.ch\/index.php\/wp-json\/wp\/v2\/pages\/365","targetHints":{"allow":["GET"]}}],"collection":[{"href":"https:\/\/looslibienenwelt.ch\/index.php\/wp-json\/wp\/v2\/pages"}],"about":[{"href":"https:\/\/looslibienenwelt.ch\/index.php\/wp-json\/wp\/v2\/types\/page"}],"author":[{"embeddable":true,"href":"https:\/\/looslibienenwelt.ch\/index.php\/wp-json\/wp\/v2\/users\/1"}],"replies":[{"embeddable":true,"href":"https:\/\/looslibienenwelt.ch\/index.php\/wp-json\/wp\/v2\/comments?post=365"}],"version-history":[{"count":8,"href":"https:\/\/looslibienenwelt.ch\/index.php\/wp-json\/wp\/v2\/pages\/365\/revisions"}],"predecessor-version":[{"id":576,"href":"https:\/\/looslibienenwelt.ch\/index.php\/wp-json\/wp\/v2\/pages\/365\/revisions\/576"}],"wp:attachment":[{"href":"https:\/\/looslibienenwelt.ch\/index.php\/wp-json\/wp\/v2\/media?parent=365"}],"curies":[{"name":"wp","href":"https:\/\/api.w.org\/{rel}","templated":true}]}}