{"id":33,"date":"2021-09-12T17:43:14","date_gmt":"2021-09-12T15:43:14","guid":{"rendered":"http:\/\/looslibienenwelt.ch\/?page_id=33"},"modified":"2026-03-18T20:53:07","modified_gmt":"2026-03-18T19:53:07","slug":"willkommen","status":"publish","type":"page","link":"https:\/\/looslibienenwelt.ch\/","title":{"rendered":"Willkommen"},"content":{"rendered":"\n<div class=\"wp-block-cover alignwide is-light wp-duotone-unset-1\"><img loading=\"lazy\" decoding=\"async\" width=\"1024\" height=\"576\" class=\"wp-block-cover__image-background wp-image-384\" alt=\"Blumenwiese\" src=\"https:\/\/looslibienenwelt.ch\/wp-content\/uploads\/2024\/06\/123-edited-1024x576.jpg\" data-object-fit=\"cover\" srcset=\"https:\/\/looslibienenwelt.ch\/wp-content\/uploads\/2024\/06\/123-edited-1024x576.jpg 1024w, https:\/\/looslibienenwelt.ch\/wp-content\/uploads\/2024\/06\/123-edited-300x169.jpg 300w, https:\/\/looslibienenwelt.ch\/wp-content\/uploads\/2024\/06\/123-edited-768x432.jpg 768w, https:\/\/looslibienenwelt.ch\/wp-content\/uploads\/2024\/06\/123-edited-1536x864.jpg 1536w, https:\/\/looslibienenwelt.ch\/wp-content\/uploads\/2024\/06\/123-edited-1568x882.jpg 1568w, https:\/\/looslibienenwelt.ch\/wp-content\/uploads\/2024\/06\/123-edited.jpg 1600w\" sizes=\"auto, (max-width: 1024px) 100vw, 1024px\" \/><span aria-hidden=\"true\" class=\"wp-block-cover__background has-background-dim-10 has-background-dim\"><\/span><div class=\"wp-block-cover__inner-container is-layout-flow wp-block-cover-is-layout-flow\">\n<p class=\"has-text-align-left has-white-color has-text-color has-background has-link-color has-large-font-size wp-elements-833004a69cc7748b2aee1d024065736e\" style=\"background-color:#0000007a;padding-top:var(--wp--preset--spacing--40);padding-right:var(--wp--preset--spacing--40);padding-bottom:var(--wp--preset--spacing--40);padding-left:var(--wp--preset--spacing--40);font-style:normal;font-weight:400\">Hallo und herzlich Willkommen bei Loosli Bienenwelt. Gerne darfst du auf unserer Webseite herum st\u00f6bern. Oder gleich unten auf den Button dr\u00fccken, um direkt in unseren Webshop zu gelangen. Der Webshop \u00f6ffnet sich in einem neuen Fenster.<\/p>\n<\/div><\/div>\n\n\n\n<div class=\"wp-block-buttons is-layout-flex wp-block-buttons-is-layout-flex\">\n<div class=\"wp-block-button\"><a class=\"wp-block-button__link wp-element-button\" href=\"https:\/\/looslibienenwelt.payrexx.com\/de\/pay?tid=f83bbf6b\" target=\"_blank\" rel=\"noopener noreferrer\">=&gt; Link zum Webshop (Klicken)<\/a><\/div>\n<\/div>\n","protected":false},"excerpt":{"rendered":"","protected":false},"author":2,"featured_media":0,"parent":0,"menu_order":0,"comment_status":"closed","ping_status":"closed","template":"","meta":{"footnotes":""},"class_list":["post-33","page","type-page","status-publish","hentry","entry"],"_links":{"self":[{"href":"https:\/\/looslibienenwelt.ch\/index.php\/wp-json\/wp\/v2\/pages\/33","targetHints":{"allow":["GET"]}}],"collection":[{"href":"https:\/\/looslibienenwelt.ch\/index.php\/wp-json\/wp\/v2\/pages"}],"about":[{"href":"https:\/\/looslibienenwelt.ch\/index.php\/wp-json\/wp\/v2\/types\/page"}],"author":[{"embeddable":true,"href":"https:\/\/looslibienenwelt.ch\/index.php\/wp-json\/wp\/v2\/users\/2"}],"replies":[{"embeddable":true,"href":"https:\/\/looslibienenwelt.ch\/index.php\/wp-json\/wp\/v2\/comments?post=33"}],"version-history":[{"count":43,"href":"https:\/\/looslibienenwelt.ch\/index.php\/wp-json\/wp\/v2\/pages\/33\/revisions"}],"predecessor-version":[{"id":636,"href":"https:\/\/looslibienenwelt.ch\/index.php\/wp-json\/wp\/v2\/pages\/33\/revisions\/636"}],"wp:attachment":[{"href":"https:\/\/looslibienenwelt.ch\/index.php\/wp-json\/wp\/v2\/media?parent=33"}],"curies":[{"name":"wp","href":"https:\/\/api.w.org\/{rel}","templated":true}]}}