{"id":17,"date":"2021-09-12T17:38:02","date_gmt":"2021-09-12T15:38:02","guid":{"rendered":"http:\/\/looslibienenwelt.ch\/?page_id=17"},"modified":"2025-11-25T14:58:46","modified_gmt":"2025-11-25T13:58:46","slug":"ueber-uns","status":"publish","type":"page","link":"https:\/\/looslibienenwelt.ch\/index.php\/ueber-uns\/","title":{"rendered":"\u00dcber uns"},"content":{"rendered":"\n<h3 class=\"wp-block-heading\">Willkommen bei Loosli Bienenwelt<\/h3>\n\n\n\n<figure class=\"wp-block-image size-large\"><img loading=\"lazy\" decoding=\"async\" width=\"1024\" height=\"683\" src=\"https:\/\/looslibienenwelt.ch\/wp-content\/uploads\/2025\/11\/20250703_Agrotourismus_DSC02495-59-1-1024x683.jpg\" alt=\"\" class=\"wp-image-601\" srcset=\"https:\/\/looslibienenwelt.ch\/wp-content\/uploads\/2025\/11\/20250703_Agrotourismus_DSC02495-59-1-1024x683.jpg 1024w, https:\/\/looslibienenwelt.ch\/wp-content\/uploads\/2025\/11\/20250703_Agrotourismus_DSC02495-59-1-300x200.jpg 300w, https:\/\/looslibienenwelt.ch\/wp-content\/uploads\/2025\/11\/20250703_Agrotourismus_DSC02495-59-1-768x512.jpg 768w, https:\/\/looslibienenwelt.ch\/wp-content\/uploads\/2025\/11\/20250703_Agrotourismus_DSC02495-59-1.jpg 1200w\" sizes=\"auto, (max-width: 1024px) 100vw, 1024px\" \/><\/figure>\n\n\n\n<p>Wir freuen uns, dass Du den Weg zu unserer Homepage gefunden hast! Wir, die Familie Loosli, sind leidenschaftliche Natur- und Bergliebhaber. Ob beim Biken, Wandern oder einfach beim Geniessen der wundersch\u00f6nen Landschaften in allen Jahreszeiten \u2013 die Natur liegt uns am Herzen.<\/p>\n\n\n\n<div class=\"wp-block-group is-nowrap is-layout-flex wp-container-core-group-is-layout-ad2f72ca wp-block-group-is-layout-flex\">\n<h4 class=\"wp-block-heading\">Unsere Familie<\/h4>\n<\/div>\n\n\n\n<p>Seit Sommer 2023 sind wir eine dreik\u00f6pfige Familie und geniessen das Leben in vollen Z\u00fcgen. Manuel, Ramona und unser kleines Familienmitglied sind gemeinsam unterwegs, um die Wunder der Natur zu entdecken.<\/p>\n\n\n\n<h4 class=\"wp-block-heading\">\u00dcber Manuel<\/h4>\n\n\n\n<figure class=\"wp-block-image size-large is-resized\"><img loading=\"lazy\" decoding=\"async\" width=\"1024\" height=\"683\" src=\"https:\/\/looslibienenwelt.ch\/wp-content\/uploads\/2025\/11\/20250703_Agrotourismus_DSC02152-21-1024x683.jpg\" alt=\"\" class=\"wp-image-603\" style=\"width:257px;height:auto\" srcset=\"https:\/\/looslibienenwelt.ch\/wp-content\/uploads\/2025\/11\/20250703_Agrotourismus_DSC02152-21-1024x683.jpg 1024w, https:\/\/looslibienenwelt.ch\/wp-content\/uploads\/2025\/11\/20250703_Agrotourismus_DSC02152-21-300x200.jpg 300w, https:\/\/looslibienenwelt.ch\/wp-content\/uploads\/2025\/11\/20250703_Agrotourismus_DSC02152-21-768x512.jpg 768w, https:\/\/looslibienenwelt.ch\/wp-content\/uploads\/2025\/11\/20250703_Agrotourismus_DSC02152-21.jpg 1200w\" sizes=\"auto, (max-width: 1024px) 100vw, 1024px\" \/><\/figure>\n\n\n\n<p>Manuel hat im Jahr 2018 seine Imkerausbildung abgeschlossen und ist seither begeistert von der Bienenzucht. Momentan erweitert er sein Wissen und seine F\u00e4higkeiten durch die Ausbildung zum Eidgen\u00f6ssischen Imker bei Bienen Schweiz. Neben seiner Leidenschaft f\u00fcr die Imkerei ist Manuel auch als selbstst\u00e4ndiger Gartenbauer bei der Loosli Gartenwelt GmbH t\u00e4tig. Zudem ist er ein begeisterter J\u00e4ger und Fischer, was seine Verbundenheit zur Natur noch weiter verst\u00e4rkt.<\/p>\n\n\n\n<h4 class=\"wp-block-heading\">\u00dcber Ramona<\/h4>\n\n\n\n<figure class=\"wp-block-image size-large is-resized\"><img loading=\"lazy\" decoding=\"async\" width=\"1024\" height=\"683\" src=\"https:\/\/looslibienenwelt.ch\/wp-content\/uploads\/2025\/11\/20250703_Agrotourismus_DSC02316-36-1024x683.jpg\" alt=\"\" class=\"wp-image-604\" style=\"width:252px;height:auto\" srcset=\"https:\/\/looslibienenwelt.ch\/wp-content\/uploads\/2025\/11\/20250703_Agrotourismus_DSC02316-36-1024x683.jpg 1024w, https:\/\/looslibienenwelt.ch\/wp-content\/uploads\/2025\/11\/20250703_Agrotourismus_DSC02316-36-300x200.jpg 300w, https:\/\/looslibienenwelt.ch\/wp-content\/uploads\/2025\/11\/20250703_Agrotourismus_DSC02316-36-768x512.jpg 768w, https:\/\/looslibienenwelt.ch\/wp-content\/uploads\/2025\/11\/20250703_Agrotourismus_DSC02316-36.jpg 1200w\" sizes=\"auto, (max-width: 1024px) 100vw, 1024px\" \/><\/figure>\n\n\n\n<p>Ramona hat im Jahr 2021 mit der Herstellung ihrer ersten Lippenpomade begonnen. Seitdem hat sie ihr Sortiment stetig erweitert und immer wieder neue Produkte entwickelt und getestet. Neben ihrer kreativen T\u00e4tigkeit bei Loosli Bienenwelt arbeitet sie zu 40% bei einem Distributionsunternehmen und ist zu 100% eine engagierte Mama. Dazu ist sie bem\u00fcht das Haus mit Umschwung in Schuss zu halten. <\/p>\n\n\n\n<h4 class=\"wp-block-heading\">Unser Engagement f\u00fcr die Natur<\/h4>\n\n\n\n<figure class=\"wp-block-image size-large is-resized is-style-default wp-duotone-unset-1\"><img loading=\"lazy\" decoding=\"async\" width=\"1024\" height=\"768\" src=\"https:\/\/looslibienenwelt.ch\/wp-content\/uploads\/2024\/05\/PHOTO-2022-08-15-20-17-29-1024x768.jpg\" alt=\"\" class=\"wp-image-317\" style=\"width:220px;height:auto\" srcset=\"https:\/\/looslibienenwelt.ch\/wp-content\/uploads\/2024\/05\/PHOTO-2022-08-15-20-17-29-1024x768.jpg 1024w, https:\/\/looslibienenwelt.ch\/wp-content\/uploads\/2024\/05\/PHOTO-2022-08-15-20-17-29-300x225.jpg 300w, https:\/\/looslibienenwelt.ch\/wp-content\/uploads\/2024\/05\/PHOTO-2022-08-15-20-17-29-768x576.jpg 768w, https:\/\/looslibienenwelt.ch\/wp-content\/uploads\/2024\/05\/PHOTO-2022-08-15-20-17-29-1536x1152.jpg 1536w, https:\/\/looslibienenwelt.ch\/wp-content\/uploads\/2024\/05\/PHOTO-2022-08-15-20-17-29-1568x1176.jpg 1568w, https:\/\/looslibienenwelt.ch\/wp-content\/uploads\/2024\/05\/PHOTO-2022-08-15-20-17-29.jpg 2048w\" sizes=\"auto, (max-width: 1024px) 100vw, 1024px\" \/><\/figure>\n\n\n\n<div class=\"wp-block-group is-nowrap is-layout-flex wp-container-core-group-is-layout-ad2f72ca wp-block-group-is-layout-flex\">\n<p>Unsere Liebe zur Natur und unser Streben nach Nachhaltigkeit spiegeln sich auch in unserer Arbeit wieder. Wir legen grossen Wert auf Biodiversit\u00e4t und haben deshalb seit Januar 2024 auf Bio-Produkte umgestellt. Unsere Bienenprodukte und Naturkosmetik werden mit gr\u00f6sster Sorgfalt und Respekt gegen\u00fcber der Umwelt hergestellt.<\/p>\n<\/div>\n\n\n\n<div class=\"wp-block-group is-nowrap is-layout-flex wp-container-core-group-is-layout-ad2f72ca wp-block-group-is-layout-flex\">\n<p>Bei Loosli Bienenwelt steht die Natur im Mittelpunkt \u2013 von der Imkerei bis hin zu unseren handgefertigten Produkten. Wir freuen uns, Dich auf unserer Reise begleiten zu d\u00fcrfen und Dir die Wunder der Bienenwelt n\u00e4herzubringen.<\/p>\n<\/div>\n\n\n\n<p>Herzlichst, Deine Familie Loosli<\/p>\n\n\n\n<figure class=\"wp-block-image size-large is-resized\"><img loading=\"lazy\" decoding=\"async\" width=\"768\" height=\"1024\" src=\"https:\/\/looslibienenwelt.ch\/wp-content\/uploads\/2024\/07\/PHOTO-2023-12-23-09-17-53-768x1024.jpg\" alt=\"\" class=\"wp-image-456\" style=\"width:196px;height:auto\" srcset=\"https:\/\/looslibienenwelt.ch\/wp-content\/uploads\/2024\/07\/PHOTO-2023-12-23-09-17-53-768x1024.jpg 768w, https:\/\/looslibienenwelt.ch\/wp-content\/uploads\/2024\/07\/PHOTO-2023-12-23-09-17-53-225x300.jpg 225w, https:\/\/looslibienenwelt.ch\/wp-content\/uploads\/2024\/07\/PHOTO-2023-12-23-09-17-53-1152x1536.jpg 1152w, https:\/\/looslibienenwelt.ch\/wp-content\/uploads\/2024\/07\/PHOTO-2023-12-23-09-17-53.jpg 1536w\" sizes=\"auto, (max-width: 768px) 100vw, 768px\" \/><\/figure>\n\n\n\n<figure class=\"wp-block-gallery has-nested-images columns-default is-cropped wp-block-gallery-2 is-layout-flex wp-block-gallery-is-layout-flex\"><\/figure>\n\n\n\n<figure class=\"wp-block-gallery has-nested-images columns-default is-cropped wp-block-gallery-3 is-layout-flex wp-block-gallery-is-layout-flex\"><\/figure>\n\n\n\n<figure class=\"wp-block-gallery has-nested-images columns-default is-cropped wp-block-gallery-4 is-layout-flex wp-block-gallery-is-layout-flex\"><\/figure>\n","protected":false},"excerpt":{"rendered":"<p>Willkommen bei Loosli Bienenwelt Wir freuen uns, dass Du den Weg zu unserer Homepage gefunden hast! Wir, die Familie Loosli, sind leidenschaftliche Natur- und Bergliebhaber. Ob beim Biken, Wandern oder einfach beim Geniessen der wundersch\u00f6nen Landschaften in allen Jahreszeiten \u2013 die Natur liegt uns am Herzen. Unsere Familie Seit Sommer 2023 sind wir eine dreik\u00f6pfige&hellip; <a class=\"more-link\" href=\"https:\/\/looslibienenwelt.ch\/index.php\/ueber-uns\/\">Continue reading <span class=\"screen-reader-text\">\u00dcber uns<\/span><\/a><\/p>\n","protected":false},"author":2,"featured_media":0,"parent":0,"menu_order":0,"comment_status":"closed","ping_status":"closed","template":"","meta":{"footnotes":""},"class_list":["post-17","page","type-page","status-publish","hentry","entry"],"_links":{"self":[{"href":"https:\/\/looslibienenwelt.ch\/index.php\/wp-json\/wp\/v2\/pages\/17","targetHints":{"allow":["GET"]}}],"collection":[{"href":"https:\/\/looslibienenwelt.ch\/index.php\/wp-json\/wp\/v2\/pages"}],"about":[{"href":"https:\/\/looslibienenwelt.ch\/index.php\/wp-json\/wp\/v2\/types\/page"}],"author":[{"embeddable":true,"href":"https:\/\/looslibienenwelt.ch\/index.php\/wp-json\/wp\/v2\/users\/2"}],"replies":[{"embeddable":true,"href":"https:\/\/looslibienenwelt.ch\/index.php\/wp-json\/wp\/v2\/comments?post=17"}],"version-history":[{"count":15,"href":"https:\/\/looslibienenwelt.ch\/index.php\/wp-json\/wp\/v2\/pages\/17\/revisions"}],"predecessor-version":[{"id":607,"href":"https:\/\/looslibienenwelt.ch\/index.php\/wp-json\/wp\/v2\/pages\/17\/revisions\/607"}],"wp:attachment":[{"href":"https:\/\/looslibienenwelt.ch\/index.php\/wp-json\/wp\/v2\/media?parent=17"}],"curies":[{"name":"wp","href":"https:\/\/api.w.org\/{rel}","templated":true}]}}